{"id":2207,"date":"2018-03-08T19:57:56","date_gmt":"2018-03-08T19:57:56","guid":{"rendered":"http:\/\/www.usg-hoechst.at\/?page_id=2207"},"modified":"2018-05-24T06:38:55","modified_gmt":"2018-05-24T06:38:55","slug":"dathttps-wordpress-org-plugins-jetpack-https-wordpress-org-plugins-jetpack-https-wordpress-org-plugins-jetpack-https-wordpress-org-plugins-jetpack-enschutzerklaerung","status":"publish","type":"page","link":"https:\/\/www.usg-hoechst.at\/?page_id=2207","title":{"rendered":"Datenschutzerkl\u00e4rung"},"content":{"rendered":"<p>Erkl\u00e4rung zur Informationspflicht<\/p>\n<p>(Datenschutzerkl\u00e4rung)<\/p>\n<p>Der Schutz Ihrer pers\u00f6nlichen Daten ist uns ein besonderes Anliegen. Wir verarbeiten Ihre Daten daher ausschlie\u00dflich auf Grundlage der gesetzlichen Bestimmungen (DSGVO, TKG 2003). In diesen Datenschutzinformationen informieren wir Sie \u00fcber die wichtigsten Aspekte der Datenverarbeitung im Rahmen unserer Website.<\/p>\n<p>Kontakt mit uns<\/p>\n<p>Wenn Sie per Formular auf der Website www.usg-h\u00f6chst.at oder per E-Mail Kontakt mit uns aufnehmen, werden Ihre angegebenen Daten zwecks Bearbeitung der Anfrage und f\u00fcr den Fall von Anschlussfragen sechs Monate bei uns gespeichert. Diese Daten geben wir nicht ohne Ihre Einwilligung weiter.<\/p>\n<p>Web-Analyse und Plugins<\/p>\n<p>Jetpack by Automattic<br \/>\nUnsere Website verwendet Funktionen des Webanalysedienstes Jetpack by WordPress.com By Automattic, Inc. (USA)<br \/>\nDazu werden Cookies verwendet, die eine Analyse der Benutzung der Website durch Ihre Benutzer erm\u00f6glicht. Die dadurch erzeugten Informationen werden auf den Server des Anbieters \u00fcbertragen und dort gespeichert.<\/p>\n<p>Google Analytics<br \/>\nWir setzen auf Grundlage unserer berechtigten Interessen, im Sinne des Art. 6 Abs. 1 lit. f. DSGVO, Google Analytics, einen Webanalysedienst der Google LLC (Google.com) ein. Google verwendet Cookies. Die durch das Cookie erzeugten Informationen werden an einen Server von Google in den USA \u00fcbertragen und dort gespeichert.<\/p>\n<p>Google ist unter dem Privacy-Shield-Abkommen zertifiziert und bietet hierdurch eine Garantie, das europ\u00e4ische Datenschutzrecht einzuhalten.<br \/>\nhttps:\/\/www.privacyshield.gov\/participant?id=a2zt000000001L5AAI&#038;status=Active<\/p>\n<p>Sie k\u00f6nnen dies verhindern, indem Sie Ihren Browser so einrichten, dass keine Cookies gespeichert werden.<\/p>\n<p>Diese Website verwendet Facebook Social Plugins, welches von der Facebook Inc. (1 Hacker Way, Menlo Park, California 94025, USA) betrieben wird. Erkennbar sind die Einbindungen an dem Facebook-Logo bzw. an den Begriffen \u201eLike\u201c, \u201eGef\u00e4llt mir\u201c, \u201eTeilen\u201c in den Farben Facebooks (Blau und Wei\u00df). Informationen zu allen Facebook-Plugins finden Sie im folgenden Link: <a href=\"https:\/\/developers.facebook.com\/docs\/plugins\/\"><u>https:\/\/developers.facebook.com\/docs\/plugins\/<\/u><\/a><\/p>\n<p>Diese Website verlinkt am Ende jeder Seite zu einer \u201eLike-Seite\u201c von Facebook. Mit einem Klick auf diesen Link verlassen Sie diese Webpr\u00e4senz und stellen eine direkte Verbindung zwischen Ihrem Browser und den Facebook-Servern her. Informationen zu den Daten, welche anschlie\u00dfend von der Facebook Inc. erhoben werden, finden Sie hier: <a href=\"https:\/\/www.facebook.com\/privacy\/explanation\"><u>https:\/\/www.facebook.com\/privacy\/explanation<\/u><\/a><\/p>\n<p>Die Datenverarbeitung erfolgt auf Basis der gesetzlichen Bestimmungen des \u00a7 96 Abs 3 TKG sowie des Art 6 Abs 1 lit a (Einwilligung) und\/oder f (berechtigtes Interesse) der DSGVO.<\/p>\n<p>Unser Anliegen im Sinne der DSGVO (berechtigtes Interesse) ist die Verbesserung unseres Angebotes und unseres Webauftritts.<\/p>\n<p>Ihre Rechte<\/p>\n<p>Ihnen stehen grunds\u00e4tzlich die Rechte auf Auskunft, Berichtigung, L\u00f6schung, Einschr\u00e4nkung, Daten\u00fcbertragbarkeit, Widerruf und Widerspruch zu. Wenn Sie glauben, dass die Verarbeitung Ihrer Daten gegen das Datenschutzrecht verst\u00f6\u00dft oder Ihre datenschutzrechtlichen Anspr\u00fcche sonst in einer Weise verletzt worden sind, k\u00f6nnen Sie sich bei der Aufsichtsbeh\u00f6rde beschweren. In \u00d6sterreich ist dies die Datenschutzbeh\u00f6rde.<\/p>\n<p>Sie erreichen uns unter folgenden Kontaktdaten:<\/p>\n<p>UNION SCH\u00dcTZENGILDE H\u00d6CHST<\/p>\n<p>usghoechst@a1.net<\/p>\n","protected":false},"excerpt":{"rendered":"<p>Erkl\u00e4rung zur Informationspflicht (Datenschutzerkl\u00e4rung) Der Schutz Ihrer pers\u00f6nlichen Daten ist uns ein besonderes Anliegen. Wir verarbeiten Ihre Daten daher ausschlie\u00dflich[&#8230;]<\/p>\n","protected":false},"author":4,"featured_media":0,"parent":0,"menu_order":0,"comment_status":"closed","ping_status":"closed","template":"","meta":{"ngg_post_thumbnail":0},"_links":{"self":[{"href":"https:\/\/www.usg-hoechst.at\/index.php?rest_route=\/wp\/v2\/pages\/2207"}],"collection":[{"href":"https:\/\/www.usg-hoechst.at\/index.php?rest_route=\/wp\/v2\/pages"}],"about":[{"href":"https:\/\/www.usg-hoechst.at\/index.php?rest_route=\/wp\/v2\/types\/page"}],"author":[{"embeddable":true,"href":"https:\/\/www.usg-hoechst.at\/index.php?rest_route=\/wp\/v2\/users\/4"}],"replies":[{"embeddable":true,"href":"https:\/\/www.usg-hoechst.at\/index.php?rest_route=%2Fwp%2Fv2%2Fcomments&post=2207"}],"version-history":[{"count":11,"href":"https:\/\/www.usg-hoechst.at\/index.php?rest_route=\/wp\/v2\/pages\/2207\/revisions"}],"predecessor-version":[{"id":2331,"href":"https:\/\/www.usg-hoechst.at\/index.php?rest_route=\/wp\/v2\/pages\/2207\/revisions\/2331"}],"wp:attachment":[{"href":"https:\/\/www.usg-hoechst.at\/index.php?rest_route=%2Fwp%2Fv2%2Fmedia&parent=2207"}],"curies":[{"name":"wp","href":"https:\/\/api.w.org\/{rel}","templated":true}]}}