{"id":1983,"date":"2017-12-09T12:54:40","date_gmt":"2017-12-09T12:54:40","guid":{"rendered":"http:\/\/www.usg-hoechst.at\/?page_id=1983"},"modified":"2017-12-09T13:00:10","modified_gmt":"2017-12-09T13:00:10","slug":"freundschaftswettkampf-vsb-imst","status":"publish","type":"page","link":"https:\/\/www.usg-hoechst.at\/?page_id=1983","title":{"rendered":"Freundschaftswettkampf VSB-Imst"},"content":{"rendered":"<p>VSB \u2013 Imst<\/p>\n<p>Sehr toller Freundschaftswettkampf im Olympiazentrum \u2013 unsere Freunde aus dem Bezirk Imst reisten mit einem gro\u00dfen Bus an und starteten mit vollem Elan in die L\u00e4nderkampfsaison!<br \/>\nSch\u00f6n zu sehen wie in unserer tollen Sportart Junge und \u00c4ltere, Weibliche und M\u00e4nnliche sowie sogar gemischte Teams aus zwei Verb\u00e4nden miteinander und gegeneinander \u201ek\u00e4mpfen,\u201c und sich dann freundlich in die Augen sehen!<\/p>\n<p>Dazu passend sicherlich auch die neuesten Anpassungen der ISSF Regeln die vorsehen, dass ab 1.1.2018 alle dieselben Olympischen Bewerbe schie\u00dfen und auch dieselben Sportger\u00e4te verwenden d\u00fcrfen. Da ist unsere Sportart sicherlich fast einzigartig!<\/p>\n<p>(Text&amp;Fotos: Wolfram Waibel, VSB Landestrainer)<\/p>\n<p><a href=\"http:\/\/www.usg-hoechst.at\/wp-content\/uploads\/CA1A54FB-BBFD-4E30-B316-1B70E82FC99E.png\"><img decoding=\"async\" loading=\"lazy\" class=\"alignnone size-medium wp-image-1984\" src=\"http:\/\/www.usg-hoechst.at\/wp-content\/uploads\/CA1A54FB-BBFD-4E30-B316-1B70E82FC99E-300x225.png\" alt=\"\" width=\"300\" height=\"225\"><\/a> <a href=\"http:\/\/www.usg-hoechst.at\/wp-content\/uploads\/6C70AF37-77F7-46D3-AB70-405114E4F0F0.png\"><img decoding=\"async\" loading=\"lazy\" class=\"alignnone size-medium wp-image-1985\" src=\"http:\/\/www.usg-hoechst.at\/wp-content\/uploads\/6C70AF37-77F7-46D3-AB70-405114E4F0F0-225x300.png\" alt=\"\" width=\"225\" height=\"300\"><\/a> <a href=\"http:\/\/www.usg-hoechst.at\/wp-content\/uploads\/6F77861F-4BF9-4C4E-804A-5B861CD8AAB0.png\"><img decoding=\"async\" loading=\"lazy\" class=\"alignnone size-medium wp-image-1986\" src=\"http:\/\/www.usg-hoechst.at\/wp-content\/uploads\/6F77861F-4BF9-4C4E-804A-5B861CD8AAB0-300x225.png\" alt=\"\" width=\"300\" height=\"225\"><\/a><\/p>\n<p><a href=\"http:\/\/www.usg-hoechst.at\/wp-content\/uploads\/Rangliste-L\u00e4nderwettkampf-10m-VSB_Imst-2017.12.08-Decblatt.pdf\">Rangliste L\u00e4nderwettkampf 10m VSB_Imst 2017.12.08 Decblatt<\/a> <a href=\"http:\/\/www.usg-hoechst.at\/wp-content\/uploads\/AIR-MIXED-Imst.pdf\">AIR MIXED Imst<\/a> <a href=\"http:\/\/www.usg-hoechst.at\/wp-content\/uploads\/Rangliste-L\u00e4nderwettkampf-10m-VSB_Imst-2017.12.08-Einzel.pdf\">Rangliste L\u00e4nderwettkampf 10m VSB_Imst 2017.12.08 Einzel<\/a> <a href=\"http:\/\/www.usg-hoechst.at\/wp-content\/uploads\/Rangliste-L\u00e4nderwettkampf-10m-VSB_Imst-2017.12.08-Mannschaft.pdf\">Rangliste L\u00e4nderwettkampf 10m VSB_Imst 2017.12.08 Mannschaft<\/a><\/p>\n","protected":false},"excerpt":{"rendered":"<p>VSB \u2013 Imst Sehr toller Freundschaftswettkampf im Olympiazentrum \u2013 unsere Freunde aus dem Bezirk Imst reisten mit einem gro\u00dfen Bus[&#8230;]<\/p>\n","protected":false},"author":4,"featured_media":0,"parent":1394,"menu_order":0,"comment_status":"closed","ping_status":"closed","template":"","meta":{"ngg_post_thumbnail":0},"_links":{"self":[{"href":"https:\/\/www.usg-hoechst.at\/index.php?rest_route=\/wp\/v2\/pages\/1983"}],"collection":[{"href":"https:\/\/www.usg-hoechst.at\/index.php?rest_route=\/wp\/v2\/pages"}],"about":[{"href":"https:\/\/www.usg-hoechst.at\/index.php?rest_route=\/wp\/v2\/types\/page"}],"author":[{"embeddable":true,"href":"https:\/\/www.usg-hoechst.at\/index.php?rest_route=\/wp\/v2\/users\/4"}],"replies":[{"embeddable":true,"href":"https:\/\/www.usg-hoechst.at\/index.php?rest_route=%2Fwp%2Fv2%2Fcomments&post=1983"}],"version-history":[{"count":3,"href":"https:\/\/www.usg-hoechst.at\/index.php?rest_route=\/wp\/v2\/pages\/1983\/revisions"}],"predecessor-version":[{"id":1994,"href":"https:\/\/www.usg-hoechst.at\/index.php?rest_route=\/wp\/v2\/pages\/1983\/revisions\/1994"}],"up":[{"embeddable":true,"href":"https:\/\/www.usg-hoechst.at\/index.php?rest_route=\/wp\/v2\/pages\/1394"}],"wp:attachment":[{"href":"https:\/\/www.usg-hoechst.at\/index.php?rest_route=%2Fwp%2Fv2%2Fmedia&parent=1983"}],"curies":[{"name":"wp","href":"https:\/\/api.w.org\/{rel}","templated":true}]}}