{"id":1901,"date":"2017-12-01T12:20:08","date_gmt":"2017-12-01T12:20:08","guid":{"rendered":"http:\/\/www.usg-hoechst.at\/?page_id=1901"},"modified":"2017-12-01T13:27:22","modified_gmt":"2017-12-01T13:27:22","slug":"laenderwettkampf-ospsv-vsb","status":"publish","type":"page","link":"https:\/\/www.usg-hoechst.at\/?page_id=1901","title":{"rendered":"L\u00e4nderwettkampf OSPSV-VSB"},"content":{"rendered":"<p>Liebe VSB Zielsportler,<\/p>\n<p>am vergangenen Wochenende konnten wir gemeinsam einen tollen L\u00e4ndervergleichswettkampf miterleben. Es gab super tolle Resultate und klar, auch die eine oder andere \u201eZehnerpasse\u201c die nicht ganz perfekt ins Bild passte. Alles in allem haben wir wiederum zeigen k\u00f6nnen, dass die Entwicklung steil nach oben zeigt und die Neugr\u00fcndung der VSB Talente Zentren schon die ersten Fr\u00fcchte tr\u00e4gt! Bitte macht weiter so!<\/p>\n<p>Anbei die Ergebnisliste und einige wenige Fotos!<\/p>\n<p><a href=\"http:\/\/www.usg-hoechst.at\/wp-content\/uploads\/OSPSV-Matchwesen-Rangliste-Vergleichsmatch-G10m_OSPSV-VSB_SSVL_GLKSV-2017.pdf\">OSPSV-VSB-Rangliste<\/a><\/p>\n<p><img decoding=\"async\" loading=\"lazy\" class=\"wp-image-1895\" src=\"http:\/\/www.usg-hoechst.at\/wp-content\/uploads\/img_8732.jpg\" width=\"600\" height=\"204\"><img decoding=\"async\" loading=\"lazy\" class=\"wp-image-1896\" src=\"http:\/\/www.usg-hoechst.at\/wp-content\/uploads\/img_8733.jpg\" width=\"600\" height=\"450\"><img decoding=\"async\" loading=\"lazy\" class=\"wp-image-1897\" src=\"http:\/\/www.usg-hoechst.at\/wp-content\/uploads\/img_8734.jpg\" width=\"600\" height=\"450\"><img decoding=\"async\" loading=\"lazy\" class=\"wp-image-1898\" src=\"http:\/\/www.usg-hoechst.at\/wp-content\/uploads\/image008.jpg\" width=\"450\" height=\"600\"><img decoding=\"async\" loading=\"lazy\" class=\"wp-image-1899\" src=\"http:\/\/www.usg-hoechst.at\/wp-content\/uploads\/img_8735.jpg\" width=\"600\" height=\"450\"><img decoding=\"async\" loading=\"lazy\" class=\"wp-image-1900\" src=\"http:\/\/www.usg-hoechst.at\/wp-content\/uploads\/img_8736.jpg\" width=\"600\" height=\"450\"><\/p>\n","protected":false},"excerpt":{"rendered":"<p>Liebe VSB Zielsportler, am vergangenen Wochenende konnten wir gemeinsam einen tollen L\u00e4ndervergleichswettkampf miterleben. Es gab super tolle Resultate und klar,[&#8230;]<\/p>\n","protected":false},"author":4,"featured_media":0,"parent":1394,"menu_order":0,"comment_status":"closed","ping_status":"closed","template":"","meta":{"ngg_post_thumbnail":0},"_links":{"self":[{"href":"https:\/\/www.usg-hoechst.at\/index.php?rest_route=\/wp\/v2\/pages\/1901"}],"collection":[{"href":"https:\/\/www.usg-hoechst.at\/index.php?rest_route=\/wp\/v2\/pages"}],"about":[{"href":"https:\/\/www.usg-hoechst.at\/index.php?rest_route=\/wp\/v2\/types\/page"}],"author":[{"embeddable":true,"href":"https:\/\/www.usg-hoechst.at\/index.php?rest_route=\/wp\/v2\/users\/4"}],"replies":[{"embeddable":true,"href":"https:\/\/www.usg-hoechst.at\/index.php?rest_route=%2Fwp%2Fv2%2Fcomments&post=1901"}],"version-history":[{"count":3,"href":"https:\/\/www.usg-hoechst.at\/index.php?rest_route=\/wp\/v2\/pages\/1901\/revisions"}],"predecessor-version":[{"id":1909,"href":"https:\/\/www.usg-hoechst.at\/index.php?rest_route=\/wp\/v2\/pages\/1901\/revisions\/1909"}],"up":[{"embeddable":true,"href":"https:\/\/www.usg-hoechst.at\/index.php?rest_route=\/wp\/v2\/pages\/1394"}],"wp:attachment":[{"href":"https:\/\/www.usg-hoechst.at\/index.php?rest_route=%2Fwp%2Fv2%2Fmedia&parent=1901"}],"curies":[{"name":"wp","href":"https:\/\/api.w.org\/{rel}","templated":true}]}}